{"id":98,"date":"2021-08-29T21:50:52","date_gmt":"2021-08-29T20:50:52","guid":{"rendered":"http:\/\/www.redcase.se\/?page_id=98"},"modified":"2021-08-30T14:44:36","modified_gmt":"2021-08-30T13:44:36","slug":"kom-igang-med-egeninkasso","status":"publish","type":"page","link":"https:\/\/www.redcase.se\/index.php\/kom-igang-med-egeninkasso\/","title":{"rendered":"Kom ig\u00e5ng med egeninkasso"},"content":{"rendered":"\n<p><\/p>\n\n\n\n<p class=\"has-huge-font-size\"><strong>Kom ig\u00e5ng med egeninkasso<\/strong><\/p>\n\n\n\n<p class=\"has-normal-font-size\"><br>Genererar ditt f\u00f6retag en stor m\u00e4ngd mindre fordringar, eller s\u00e4ljer f\u00f6retaget n\u00e5gon form av abonnemang till ett stort antal kunder? D\u00e5 l\u00e4mpar sig er verksamhet troligen f\u00f6r<em> egeninkasso<\/em>, det vill s\u00e4ga m\u00f6jligheten att utan inkassotillst\u00e5nd driva in fordringar fr\u00e5n den egna kundstocken. <\/p>\n\n\n\n<p class=\"has-normal-font-size\">Beroende p\u00e5 antalet fordringar och dess karakt\u00e4r kan egeninkasso vara s\u00e5 l\u00f6nsamt att priserna till de kunder som betalar i tid faktiskt kan s\u00e4nkas, alternativt kan bolaget f\u00f6rb\u00e4ttra sitt resultat. Om ni redan har en utbyggd kundtj\u00e4nstfunktion i f\u00f6retaget finns det f\u00e5 sk\u00e4l att inte sk\u00f6ta inkasso sj\u00e4lv.<\/p>\n\n\n\n<p class=\"has-normal-font-size\">Vi kan hj\u00e4lpa er med allt annat. Ni m\u00e5ste \u00e4ven forts\u00e4ttningsvis sk\u00f6ta kommunikationen med kunderna sj\u00e4lva och ni fattar sj\u00e4lva era aff\u00e4rsbeslut. Men f\u00f6r sj\u00e4lva utf\u00f6randet kan Redcase erbjuda integrerade telefonisystem, brevhantering, utskickssystem och system f\u00f6r elektronisk kommunikation med myndigheterna som g\u00f6r att hela inkassoprocessen kan sk\u00f6tas fr\u00e5n ett enkelt webbaserat gr\u00e4nssnitt.<\/p>\n\n\n\n<p class=\"has-normal-font-size\">Med Redcase egenutvecklade programvaror, rutiner och smarta tj\u00e4nster kan vi g\u00f6ra er satsning p\u00e5 egeninkasso s\u00e5 friktionsfri och l\u00f6nsam som m\u00f6jligt. Vi hj\u00e4lper er med alltifr\u00e5n att utforma r\u00e4ntesatser, betalfrister, krav och p\u00e5minnelser till att ta fram rutiner f\u00f6r att snabbt och enkelt debitera r\u00e4tt kund r\u00e4tt belopp.<\/p>\n\n\n\n<p class=\"has-normal-font-size\">Sj\u00e4lva betalningarna s\u00e4tter kunden enklast in p\u00e5 v\u00e5rt klientmedelskonto genom bankgiro, Paypal eller kontokort. D\u00e5 prickar vi av era inbetalningar direkt och vidtar \u00e5tg\u00e4rder automatiskt och utan dr\u00f6jsm\u00e5l n\u00e4r en betalning kommer in, s\u00e5som att \u00e5terkalla en ans\u00f6kan om betalningsf\u00f6rel\u00e4ggande eller att neds\u00e4tta ett krav som ligger f\u00f6r verkst\u00e4llighet.<\/p>\n\n\n\n<p class=\"has-normal-font-size\">F\u00f6r att utforma kundavtal och rutiner f\u00f6r personuppgiftshantering \u00e4r v\u00e5rt systerbolag Advokatfirman Carl Ridderstr\u00e5le AB redo att hj\u00e4lpa er. Advokatfirman sk\u00f6ter alla juridiska fr\u00e5gest\u00e4llningar och ansvarar f\u00f6r denna del av arbetet direkt mot er.<\/p>\n\n\n\n<p class=\"has-normal-font-size\">Om kunden bestrider en fordran kan v\u00e5rt system automatiskt beg\u00e4ra att m\u00e5let \u00f6verl\u00e4mnas till advokatfirman, som kommer att initiera ett m\u00e5l mot den bestridande parten direkt vid tingsr\u00e4tt. L\u00e4s mer om v\u00e5ra <a href=\"https:\/\/www.redcase.se\/index.php\/forlora-inte-pengar-pa-tvistiga-fordringar\/\">tj\u00e4nster f\u00f6r tvistiga fordringar.<\/a><\/p>\n\n\n\n<p class=\"has-normal-font-size\">Kommer ni att f\u00f6rlora kunder p\u00e5 att sk\u00f6ta inkasso sj\u00e4lva? Risken kan minskas genom att bilda ett dotterbolag som sk\u00f6ter egeninkasso i eget namn. Alla v\u00e5ra system har st\u00f6d f\u00f6r att hj\u00e4lpa er bedriva egeninkasso genom s\u00e5v\u00e4l bifirma som dotterbolag. N\u00e4r ni anlitar v\u00e5r advokatbyr\u00e5 f\u00f6r de tvistiga fordringarna har ni dessutom en tredje part som sk\u00f6ter de mest besv\u00e4rliga fallen, vilket ytterligare minskar riskerna i detta avseende.<\/p>\n","protected":false},"excerpt":{"rendered":"<p>Kom ig\u00e5ng med egeninkasso Genererar ditt f\u00f6retag en stor m\u00e4ngd mindre fordringar, eller s\u00e4ljer f\u00f6retaget n\u00e5gon form av abonnemang till ett stort antal kunder? D\u00e5 l\u00e4mpar sig er verksamhet troligen f\u00f6r egeninkasso, det vill s\u00e4ga m\u00f6jligheten att utan inkassotillst\u00e5nd driva in fordringar fr\u00e5n den egna kundstocken. Beroende p\u00e5 antalet fordringar och dess karakt\u00e4r kan egeninkasso<\/p>\n","protected":false},"author":1,"featured_media":0,"parent":0,"menu_order":0,"comment_status":"closed","ping_status":"closed","template":"","meta":[],"_links":{"self":[{"href":"https:\/\/www.redcase.se\/index.php\/wp-json\/wp\/v2\/pages\/98"}],"collection":[{"href":"https:\/\/www.redcase.se\/index.php\/wp-json\/wp\/v2\/pages"}],"about":[{"href":"https:\/\/www.redcase.se\/index.php\/wp-json\/wp\/v2\/types\/page"}],"author":[{"embeddable":true,"href":"https:\/\/www.redcase.se\/index.php\/wp-json\/wp\/v2\/users\/1"}],"replies":[{"embeddable":true,"href":"https:\/\/www.redcase.se\/index.php\/wp-json\/wp\/v2\/comments?post=98"}],"version-history":[{"count":13,"href":"https:\/\/www.redcase.se\/index.php\/wp-json\/wp\/v2\/pages\/98\/revisions"}],"predecessor-version":[{"id":122,"href":"https:\/\/www.redcase.se\/index.php\/wp-json\/wp\/v2\/pages\/98\/revisions\/122"}],"wp:attachment":[{"href":"https:\/\/www.redcase.se\/index.php\/wp-json\/wp\/v2\/media?parent=98"}],"curies":[{"name":"wp","href":"https:\/\/api.w.org\/{rel}","templated":true}]}}